{"id":152,"date":"2025-07-10T08:14:51","date_gmt":"2025-07-10T08:14:51","guid":{"rendered":"https:\/\/famesmile.adface.lt\/?page_id=152"},"modified":"2026-04-08T07:18:56","modified_gmt":"2026-04-08T07:18:56","slug":"gydytojai","status":"publish","type":"page","link":"https:\/\/famesmile.adface.lt\/en\/gydytojai\/","title":{"rendered":"Gydytojai"},"content":{"rendered":"<div data-elementor-type=\"wp-page\" data-elementor-id=\"152\" class=\"elementor elementor-152\" data-elementor-settings=\"{&quot;scroll_snap&quot;:&quot;yes&quot;}\" data-elementor-post-type=\"page\">\n\t\t\t\t<div class=\"elementor-element elementor-element-8867792 e-flex e-con-boxed e-con e-parent\" data-id=\"8867792\" data-element_type=\"container\" data-e-type=\"container\">\n\t\t\t\t\t<div class=\"e-con-inner\">\n\t\t\t\t<div class=\"elementor-element elementor-element-fc2defa elementor-widget elementor-widget-heading\" data-id=\"fc2defa\" data-element_type=\"widget\" data-e-type=\"widget\" data-widget_type=\"heading.default\">\n\t\t\t\t\t<h1 class=\"elementor-heading-title elementor-size-default\">Gydytojai<\/h1>\t\t\t\t<\/div>\n\t\t\t\t<div class=\"elementor-element elementor-element-ad27f00 elementor-hidden-desktop elementor-hidden-tablet elementor-widget-divider--view-line elementor-widget elementor-widget-divider\" data-id=\"ad27f00\" data-element_type=\"widget\" data-e-type=\"widget\" data-widget_type=\"divider.default\">\n\t\t\t\t\t\t\t<div class=\"elementor-divider\">\n\t\t\t<span class=\"elementor-divider-separator\">\n\t\t\t\t\t\t<\/span>\n\t\t<\/div>\n\t\t\t\t\t\t<\/div>\n\t\t\t\t\t<\/div>\n\t\t\t\t<\/div>\n\t\t<div class=\"elementor-element elementor-element-09b2b57 e-flex e-con-boxed e-con e-parent\" data-id=\"09b2b57\" data-element_type=\"container\" data-e-type=\"container\" data-settings=\"{&quot;background_background&quot;:&quot;classic&quot;}\">\n\t\t\t\t\t<div class=\"e-con-inner\">\n\t\t\t\t<div class=\"elementor-element elementor-element-8851f07 elementor-widget elementor-widget-shortcode\" data-id=\"8851f07\" data-element_type=\"widget\" data-e-type=\"widget\" data-widget_type=\"shortcode.default\">\n\t\t\t\t\t<div class=\"gydytojai-slider-wrapper\">\r\n    <div class=\"slider-arrow prev cursor-hover-animate\">\r\n        <svg width=\"22\" height=\"42\" viewbox=\"0 0 22 42\" fill=\"none\" xmlns=\"http:\/\/www.w3.org\/2000\/svg\">\n<path d=\"M20.75 40.2715L1.25 20.7715L20.75 1.27148\" stroke=\"black\" stroke-width=\"2\" stroke-linecap=\"round\" stroke-linejoin=\"round\"\/>\n<\/svg>\n    <\/div>\r\n\r\n    <div class=\"gydytojai-slider swiper\">\r\n        <div class=\"swiper-wrapper\">\r\n            <div class=\"swiper-slide has-experience\">                <div class=\"gydytojas-info-container\">\r\n                    <div class=\"gydytojas-identity-wrapper\">\r\n                        <div class=\"gydytojas-name-wrapper\">\r\n                            <h3 class='gydytojas-name'>Kotryna <span class='italic'>Orenkait\u0117<\/span><\/h3><p class='gydytojas-specialty'>Burnos Higienist\u0117<\/p><svg width=\"18\" height=\"25\" viewbox=\"0 0 18 25\" fill=\"none\" xmlns=\"http:\/\/www.w3.org\/2000\/svg\">\n<path d=\"M8.99994 0.490234L8.99994 24.0004\" stroke=\"#9DA6AA\" stroke-linejoin=\"round\"\/>\n<path d=\"M17 16L9 24L0.999999 16\" stroke=\"#9DA6AA\"\/>\n<\/svg>\n                        <\/div>\r\n\r\n                        <img decoding=\"async\" class=\"gydytojas-image\" src=\"https:\/\/famesmile.adface.lt\/wp-content\/uploads\/2025\/07\/J-8.png\" alt=\"Kotryna Orenkait\u0117\">\r\n                    <\/div>\r\n\r\n                    <div class=\"gydytojas-info-wrapper\">\r\n                        <p class=\"gydytojas-description\">Burnos higiena, profilaktin\u0117s proced\u016bros, <br> burnos higienos instrukta\u017eas.<\/p>                    <\/div>\r\n                <\/div>\r\n\r\n                                    <div class=\"gydytojas-experience\">\r\n                        <div class=\"gydytojas-experience-number\">\r\n                            5+                        <\/div>\r\n                        <p class=\"gydytojas-experience-text\">\r\n                            met\u0173 patirtis                        <\/p>\r\n                    <\/div>\r\n                \r\n            <\/div>\r\n            <div class=\"swiper-slide has-experience\">                <div class=\"gydytojas-info-container\">\r\n                    <div class=\"gydytojas-identity-wrapper\">\r\n                        <div class=\"gydytojas-name-wrapper\">\r\n                            <h3 class='gydytojas-name'>Irma <span class='italic'>Andziulien\u0117<\/span><\/h3><p class='gydytojas-specialty'>Gyd. Ortodont\u0117<\/p><svg width=\"18\" height=\"25\" viewbox=\"0 0 18 25\" fill=\"none\" xmlns=\"http:\/\/www.w3.org\/2000\/svg\">\n<path d=\"M8.99994 0.490234L8.99994 24.0004\" stroke=\"#9DA6AA\" stroke-linejoin=\"round\"\/>\n<path d=\"M17 16L9 24L0.999999 16\" stroke=\"#9DA6AA\"\/>\n<\/svg>\n                        <\/div>\r\n\r\n                        <img decoding=\"async\" class=\"gydytojas-image\" src=\"https:\/\/famesmile.adface.lt\/wp-content\/uploads\/2025\/07\/J-10.png\" alt=\"Irma Andziulien\u0117\">\r\n                    <\/div>\r\n\r\n                    <div class=\"gydytojas-info-wrapper\">\r\n                        <p class=\"gydytojas-description\">Ortodontinis gydymas, skaidrios tiesinimo \u2028kapos, breketai.<\/p>                    <\/div>\r\n                <\/div>\r\n\r\n                                    <div class=\"gydytojas-experience\">\r\n                        <div class=\"gydytojas-experience-number\">\r\n                            20+                        <\/div>\r\n                        <p class=\"gydytojas-experience-text\">\r\n                            met\u0173 patirtis                        <\/p>\r\n                    <\/div>\r\n                \r\n            <\/div>\r\n            <div class=\"swiper-slide has-experience\">                <div class=\"gydytojas-info-container\">\r\n                    <div class=\"gydytojas-identity-wrapper\">\r\n                        <div class=\"gydytojas-name-wrapper\">\r\n                            <h3 class='gydytojas-name'>Taimonas <span class='italic'>Ma\u017eeika<\/span><\/h3><p class='gydytojas-specialty'>Gyd. Implantologas<\/p><svg width=\"18\" height=\"25\" viewbox=\"0 0 18 25\" fill=\"none\" xmlns=\"http:\/\/www.w3.org\/2000\/svg\">\n<path d=\"M8.99994 0.490234L8.99994 24.0004\" stroke=\"#9DA6AA\" stroke-linejoin=\"round\"\/>\n<path d=\"M17 16L9 24L0.999999 16\" stroke=\"#9DA6AA\"\/>\n<\/svg>\n                        <\/div>\r\n\r\n                        <img decoding=\"async\" class=\"gydytojas-image\" src=\"https:\/\/famesmile.adface.lt\/wp-content\/uploads\/2025\/07\/3a3edca0c97ec27e29d3afb98793cd909082f759.jpg\" alt=\"Taimonas Ma\u017eeika\">\r\n                    <\/div>\r\n\r\n                    <div class=\"gydytojas-info-wrapper\">\r\n                        <p class=\"gydytojas-description\">Laminat\u0117s, implantacija, chirurginis gydymas.<\/p>                    <\/div>\r\n                <\/div>\r\n\r\n                                    <div class=\"gydytojas-experience\">\r\n                        <div class=\"gydytojas-experience-number\">\r\n                            10+                        <\/div>\r\n                        <p class=\"gydytojas-experience-text\">\r\n                            met\u0173 patirtis                        <\/p>\r\n                    <\/div>\r\n                \r\n            <\/div>\r\n            <div class=\"swiper-slide has-experience\">                <div class=\"gydytojas-info-container\">\r\n                    <div class=\"gydytojas-identity-wrapper\">\r\n                        <div class=\"gydytojas-name-wrapper\">\r\n                            <h3 class='gydytojas-name'>Jurgita <span class='italic'>Dubovskien\u0117<\/span><\/h3><p class='gydytojas-specialty'>Gyd. Terapeut\u0117<\/p><svg width=\"18\" height=\"25\" viewbox=\"0 0 18 25\" fill=\"none\" xmlns=\"http:\/\/www.w3.org\/2000\/svg\">\n<path d=\"M8.99994 0.490234L8.99994 24.0004\" stroke=\"#9DA6AA\" stroke-linejoin=\"round\"\/>\n<path d=\"M17 16L9 24L0.999999 16\" stroke=\"#9DA6AA\"\/>\n<\/svg>\n                        <\/div>\r\n\r\n                        <img decoding=\"async\" class=\"gydytojas-image\" src=\"https:\/\/famesmile.adface.lt\/wp-content\/uploads\/2025\/07\/Jurgita-Dubovskiene.png\" alt=\"Jurgita Dubovskien\u0117\">\r\n                    <\/div>\r\n\r\n                    <div class=\"gydytojas-info-wrapper\">\r\n                        <p class=\"gydytojas-description\">Estetinis plombavimas, terapinis gydymas, protezavimas.<\/p>                    <\/div>\r\n                <\/div>\r\n\r\n                                    <div class=\"gydytojas-experience\">\r\n                        <div class=\"gydytojas-experience-number\">\r\n                            20+                        <\/div>\r\n                        <p class=\"gydytojas-experience-text\">\r\n                            met\u0173 patirtis                        <\/p>\r\n                    <\/div>\r\n                \r\n            <\/div>\r\n            <div class=\"swiper-slide\">                <div class=\"gydytojas-info-container\">\r\n                    <div class=\"gydytojas-identity-wrapper\">\r\n                        <div class=\"gydytojas-name-wrapper\">\r\n                            <h3 class='gydytojas-name'>Dominyka <span class='italic'>Ivanovskyt\u0117<\/span><\/h3><p class='gydytojas-specialty'>Administrator\u0117<\/p><svg width=\"18\" height=\"25\" viewbox=\"0 0 18 25\" fill=\"none\" xmlns=\"http:\/\/www.w3.org\/2000\/svg\">\n<path d=\"M8.99994 0.490234L8.99994 24.0004\" stroke=\"#9DA6AA\" stroke-linejoin=\"round\"\/>\n<path d=\"M17 16L9 24L0.999999 16\" stroke=\"#9DA6AA\"\/>\n<\/svg>\n                        <\/div>\r\n\r\n                        <img decoding=\"async\" class=\"gydytojas-image\" src=\"https:\/\/famesmile.adface.lt\/wp-content\/uploads\/2025\/07\/J.png\" alt=\"Dominyka Ivanovskyt\u0117\">\r\n                    <\/div>\r\n\r\n                    <div class=\"gydytojas-info-wrapper\">\r\n                        <p class=\"gydytojas-description\">Klinikos administracija.<\/p>                    <\/div>\r\n                <\/div>\r\n\r\n                \r\n            <\/div>\r\n                    <\/div>\r\n    <\/div>\r\n\r\n    <div class=\"slider-arrow next cursor-hover-animate\">\r\n        <svg width=\"22\" height=\"42\" viewbox=\"0 0 22 42\" fill=\"none\" xmlns=\"http:\/\/www.w3.org\/2000\/svg\">\n<path d=\"M1.25 40.2715L20.75 20.7715L1.25 1.27148\" stroke=\"black\" stroke-width=\"2\" stroke-linecap=\"round\" stroke-linejoin=\"round\"\/>\n<\/svg>\n    <\/div>\r\n<\/div>\r\n\t\t<div class=\"elementor-shortcode\"><\/div>\n\t\t\t\t\t\t<\/div>\n\t\t\t\t\t<\/div>\n\t\t\t\t<\/div>\n\t\t\t\t<\/div>","protected":false},"excerpt":{"rendered":"<p>Gydytojai<\/p>","protected":false},"author":1,"featured_media":0,"parent":0,"menu_order":0,"comment_status":"closed","ping_status":"closed","template":"","meta":{"_acf_changed":false,"footnotes":""},"class_list":["post-152","page","type-page","status-publish","hentry"],"acf":[],"_links":{"self":[{"href":"https:\/\/famesmile.adface.lt\/en\/wp-json\/wp\/v2\/pages\/152","targetHints":{"allow":["GET"]}}],"collection":[{"href":"https:\/\/famesmile.adface.lt\/en\/wp-json\/wp\/v2\/pages"}],"about":[{"href":"https:\/\/famesmile.adface.lt\/en\/wp-json\/wp\/v2\/types\/page"}],"author":[{"embeddable":true,"href":"https:\/\/famesmile.adface.lt\/en\/wp-json\/wp\/v2\/users\/1"}],"replies":[{"embeddable":true,"href":"https:\/\/famesmile.adface.lt\/en\/wp-json\/wp\/v2\/comments?post=152"}],"version-history":[{"count":109,"href":"https:\/\/famesmile.adface.lt\/en\/wp-json\/wp\/v2\/pages\/152\/revisions"}],"predecessor-version":[{"id":5299,"href":"https:\/\/famesmile.adface.lt\/en\/wp-json\/wp\/v2\/pages\/152\/revisions\/5299"}],"wp:attachment":[{"href":"https:\/\/famesmile.adface.lt\/en\/wp-json\/wp\/v2\/media?parent=152"}],"curies":[{"name":"wp","href":"https:\/\/api.w.org\/{rel}","templated":true}]}}